{"id":13455,"date":"2023-12-21T10:17:15","date_gmt":"2023-12-21T09:17:15","guid":{"rendered":"https:\/\/www.xcally.com\/product\/envia-un-correo-electronico-a\/"},"modified":"2023-12-21T10:17:15","modified_gmt":"2023-12-21T09:17:15","slug":"envia-un-correo-electronico-a","status":"publish","type":"product","link":"https:\/\/www.xcally.com\/es\/product\/envia-un-correo-electronico-a\/","title":{"rendered":"Env\u00eda un correo electr\u00f3nico a"},"template":"","meta":{"_acf_changed":false,"content-type":""},"product-category":[381,378],"class_list":["post-13455","product","type-product","status-publish","hentry","product-category-compromiso-de-contacto","product-category-vision-general"],"acf":[],"yoast_head":"<!-- This site is optimized with the Yoast SEO plugin v26.3 - https:\/\/yoast.com\/wordpress\/plugins\/seo\/ -->\n<title>Software XCALLY para centros de llamadas - Integraci\u00f3n del canal de correo electr\u00f3nico<\/title>\n<meta name=\"description\" content=\"El canal de correo electr\u00f3nico del Centro de Contacto XCALLY te permite definir cuentas de correo electr\u00f3nico para que los agentes env\u00eden y reciban mensajes de correo electr\u00f3nico a\/de los clientes.\" \/>\n<meta name=\"robots\" content=\"index, follow, max-snippet:-1, max-image-preview:large, max-video-preview:-1\" \/>\n<link rel=\"canonical\" href=\"https:\/\/www.xcally.com\/es\/product\/envia-un-correo-electronico-a\/\" \/>\n<meta property=\"og:locale\" content=\"es_ES\" \/>\n<meta property=\"og:type\" content=\"article\" \/>\n<meta property=\"og:title\" content=\"Software XCALLY para centros de llamadas - Integraci\u00f3n del canal de correo electr\u00f3nico\" \/>\n<meta property=\"og:description\" content=\"El canal de correo electr\u00f3nico del Centro de Contacto XCALLY te permite definir cuentas de correo electr\u00f3nico para que los agentes env\u00eden y reciban mensajes de correo electr\u00f3nico a\/de los clientes.\" \/>\n<meta property=\"og:url\" content=\"https:\/\/www.xcally.com\/es\/product\/envia-un-correo-electronico-a\/\" \/>\n<meta property=\"og:site_name\" content=\"XCALLY\" \/>\n<meta name=\"twitter:card\" content=\"summary_large_image\" \/>\n<script type=\"application\/ld+json\" class=\"yoast-schema-graph\">{\"@context\":\"https:\/\/schema.org\",\"@graph\":[{\"@type\":\"WebPage\",\"@id\":\"https:\/\/www.xcally.com\/es\/product\/envia-un-correo-electronico-a\/\",\"url\":\"https:\/\/www.xcally.com\/es\/product\/envia-un-correo-electronico-a\/\",\"name\":\"Software XCALLY para centros de llamadas - Integraci\u00f3n del canal de correo electr\u00f3nico\",\"isPartOf\":{\"@id\":\"https:\/\/www.xcally.com\/es\/#website\"},\"datePublished\":\"2023-12-21T09:17:15+00:00\",\"description\":\"El canal de correo electr\u00f3nico del Centro de Contacto XCALLY te permite definir cuentas de correo electr\u00f3nico para que los agentes env\u00eden y reciban mensajes de correo electr\u00f3nico a\/de los clientes.\",\"breadcrumb\":{\"@id\":\"https:\/\/www.xcally.com\/es\/product\/envia-un-correo-electronico-a\/#breadcrumb\"},\"inLanguage\":\"es\",\"potentialAction\":[{\"@type\":\"ReadAction\",\"target\":[\"https:\/\/www.xcally.com\/es\/product\/envia-un-correo-electronico-a\/\"]}]},{\"@type\":\"BreadcrumbList\",\"@id\":\"https:\/\/www.xcally.com\/es\/product\/envia-un-correo-electronico-a\/#breadcrumb\",\"itemListElement\":[{\"@type\":\"ListItem\",\"position\":1,\"name\":\"Product\",\"item\":\"https:\/\/www.xcally.com\/es\/product\/\"},{\"@type\":\"ListItem\",\"position\":2,\"name\":\"Env\u00eda un correo electr\u00f3nico a\"}]},{\"@type\":\"WebSite\",\"@id\":\"https:\/\/www.xcally.com\/es\/#website\",\"url\":\"https:\/\/www.xcally.com\/es\/\",\"name\":\"XCALLY\",\"description\":\"Software per Call Center Omnichannel\",\"potentialAction\":[{\"@type\":\"SearchAction\",\"target\":{\"@type\":\"EntryPoint\",\"urlTemplate\":\"https:\/\/www.xcally.com\/es\/?s={search_term_string}\"},\"query-input\":{\"@type\":\"PropertyValueSpecification\",\"valueRequired\":true,\"valueName\":\"search_term_string\"}}],\"inLanguage\":\"es\"}]}<\/script>\n<!-- \/ Yoast SEO plugin. -->","yoast_head_json":{"title":"Software XCALLY para centros de llamadas - Integraci\u00f3n del canal de correo electr\u00f3nico","description":"El canal de correo electr\u00f3nico del Centro de Contacto XCALLY te permite definir cuentas de correo electr\u00f3nico para que los agentes env\u00eden y reciban mensajes de correo electr\u00f3nico a\/de los clientes.","robots":{"index":"index","follow":"follow","max-snippet":"max-snippet:-1","max-image-preview":"max-image-preview:large","max-video-preview":"max-video-preview:-1"},"canonical":"https:\/\/www.xcally.com\/es\/product\/envia-un-correo-electronico-a\/","og_locale":"es_ES","og_type":"article","og_title":"Software XCALLY para centros de llamadas - Integraci\u00f3n del canal de correo electr\u00f3nico","og_description":"El canal de correo electr\u00f3nico del Centro de Contacto XCALLY te permite definir cuentas de correo electr\u00f3nico para que los agentes env\u00eden y reciban mensajes de correo electr\u00f3nico a\/de los clientes.","og_url":"https:\/\/www.xcally.com\/es\/product\/envia-un-correo-electronico-a\/","og_site_name":"XCALLY","twitter_card":"summary_large_image","schema":{"@context":"https:\/\/schema.org","@graph":[{"@type":"WebPage","@id":"https:\/\/www.xcally.com\/es\/product\/envia-un-correo-electronico-a\/","url":"https:\/\/www.xcally.com\/es\/product\/envia-un-correo-electronico-a\/","name":"Software XCALLY para centros de llamadas - Integraci\u00f3n del canal de correo electr\u00f3nico","isPartOf":{"@id":"https:\/\/www.xcally.com\/es\/#website"},"datePublished":"2023-12-21T09:17:15+00:00","description":"El canal de correo electr\u00f3nico del Centro de Contacto XCALLY te permite definir cuentas de correo electr\u00f3nico para que los agentes env\u00eden y reciban mensajes de correo electr\u00f3nico a\/de los clientes.","breadcrumb":{"@id":"https:\/\/www.xcally.com\/es\/product\/envia-un-correo-electronico-a\/#breadcrumb"},"inLanguage":"es","potentialAction":[{"@type":"ReadAction","target":["https:\/\/www.xcally.com\/es\/product\/envia-un-correo-electronico-a\/"]}]},{"@type":"BreadcrumbList","@id":"https:\/\/www.xcally.com\/es\/product\/envia-un-correo-electronico-a\/#breadcrumb","itemListElement":[{"@type":"ListItem","position":1,"name":"Product","item":"https:\/\/www.xcally.com\/es\/product\/"},{"@type":"ListItem","position":2,"name":"Env\u00eda un correo electr\u00f3nico a"}]},{"@type":"WebSite","@id":"https:\/\/www.xcally.com\/es\/#website","url":"https:\/\/www.xcally.com\/es\/","name":"XCALLY","description":"Software per Call Center Omnichannel","potentialAction":[{"@type":"SearchAction","target":{"@type":"EntryPoint","urlTemplate":"https:\/\/www.xcally.com\/es\/?s={search_term_string}"},"query-input":{"@type":"PropertyValueSpecification","valueRequired":true,"valueName":"search_term_string"}}],"inLanguage":"es"}]}},"_links":{"self":[{"href":"https:\/\/www.xcally.com\/es\/wp-json\/wp\/v2\/product\/13455","targetHints":{"allow":["GET"]}}],"collection":[{"href":"https:\/\/www.xcally.com\/es\/wp-json\/wp\/v2\/product"}],"about":[{"href":"https:\/\/www.xcally.com\/es\/wp-json\/wp\/v2\/types\/product"}],"version-history":[{"count":0,"href":"https:\/\/www.xcally.com\/es\/wp-json\/wp\/v2\/product\/13455\/revisions"}],"wp:attachment":[{"href":"https:\/\/www.xcally.com\/es\/wp-json\/wp\/v2\/media?parent=13455"}],"wp:term":[{"taxonomy":"product-category","embeddable":true,"href":"https:\/\/www.xcally.com\/es\/wp-json\/wp\/v2\/product-category?post=13455"}],"curies":[{"name":"wp","href":"https:\/\/api.w.org\/{rel}","templated":true}]}}