{"id":13156,"date":"2022-05-21T08:25:31","date_gmt":"2022-05-21T06:25:31","guid":{"rendered":"https:\/\/www.xcally.com\/product\/marcador\/"},"modified":"2022-05-21T08:25:31","modified_gmt":"2022-05-21T06:25:31","slug":"marcador","status":"publish","type":"product","link":"https:\/\/www.xcally.com\/es\/product\/marcador\/","title":{"rendered":"Marcador"},"template":"","meta":{"_acf_changed":false,"content-type":""},"product-category":[381,378],"class_list":["post-13156","product","type-product","status-publish","hentry","product-category-compromiso-de-contacto","product-category-vision-general"],"acf":[],"yoast_head":"<!-- This site is optimized with the Yoast SEO plugin v26.3 - https:\/\/yoast.com\/wordpress\/plugins\/seo\/ -->\n<title>Software XCALLY para centros de llamadas - Marcador predictivo<\/title>\n<meta name=\"description\" content=\"Motion Bull es un marcador autom\u00e1tico saliente para aumentar la productividad Tiempo de conversaci\u00f3n del agente con marcaci\u00f3n Previa, Potente, Progresiva o Predictiva\" \/>\n<meta name=\"robots\" content=\"index, follow, max-snippet:-1, max-image-preview:large, max-video-preview:-1\" \/>\n<link rel=\"canonical\" href=\"https:\/\/www.xcally.com\/es\/product\/marcador\/\" \/>\n<meta property=\"og:locale\" content=\"es_ES\" \/>\n<meta property=\"og:type\" content=\"article\" \/>\n<meta property=\"og:title\" content=\"Software XCALLY para centros de llamadas - Marcador predictivo\" \/>\n<meta property=\"og:description\" content=\"Motion Bull es un marcador autom\u00e1tico saliente para aumentar la productividad Tiempo de conversaci\u00f3n del agente con marcaci\u00f3n Previa, Potente, Progresiva o Predictiva\" \/>\n<meta property=\"og:url\" content=\"https:\/\/www.xcally.com\/es\/product\/marcador\/\" \/>\n<meta property=\"og:site_name\" content=\"XCALLY\" \/>\n<meta name=\"twitter:card\" content=\"summary_large_image\" \/>\n<script type=\"application\/ld+json\" class=\"yoast-schema-graph\">{\"@context\":\"https:\/\/schema.org\",\"@graph\":[{\"@type\":\"WebPage\",\"@id\":\"https:\/\/www.xcally.com\/es\/product\/marcador\/\",\"url\":\"https:\/\/www.xcally.com\/es\/product\/marcador\/\",\"name\":\"Software XCALLY para centros de llamadas - Marcador predictivo\",\"isPartOf\":{\"@id\":\"https:\/\/www.xcally.com\/es\/#website\"},\"datePublished\":\"2022-05-21T06:25:31+00:00\",\"description\":\"Motion Bull es un marcador autom\u00e1tico saliente para aumentar la productividad Tiempo de conversaci\u00f3n del agente con marcaci\u00f3n Previa, Potente, Progresiva o Predictiva\",\"breadcrumb\":{\"@id\":\"https:\/\/www.xcally.com\/es\/product\/marcador\/#breadcrumb\"},\"inLanguage\":\"es\",\"potentialAction\":[{\"@type\":\"ReadAction\",\"target\":[\"https:\/\/www.xcally.com\/es\/product\/marcador\/\"]}]},{\"@type\":\"BreadcrumbList\",\"@id\":\"https:\/\/www.xcally.com\/es\/product\/marcador\/#breadcrumb\",\"itemListElement\":[{\"@type\":\"ListItem\",\"position\":1,\"name\":\"Product\",\"item\":\"https:\/\/www.xcally.com\/es\/product\/\"},{\"@type\":\"ListItem\",\"position\":2,\"name\":\"Marcador\"}]},{\"@type\":\"WebSite\",\"@id\":\"https:\/\/www.xcally.com\/es\/#website\",\"url\":\"https:\/\/www.xcally.com\/es\/\",\"name\":\"XCALLY\",\"description\":\"Software per Call Center Omnichannel\",\"potentialAction\":[{\"@type\":\"SearchAction\",\"target\":{\"@type\":\"EntryPoint\",\"urlTemplate\":\"https:\/\/www.xcally.com\/es\/?s={search_term_string}\"},\"query-input\":{\"@type\":\"PropertyValueSpecification\",\"valueRequired\":true,\"valueName\":\"search_term_string\"}}],\"inLanguage\":\"es\"}]}<\/script>\n<!-- \/ Yoast SEO plugin. -->","yoast_head_json":{"title":"Software XCALLY para centros de llamadas - Marcador predictivo","description":"Motion Bull es un marcador autom\u00e1tico saliente para aumentar la productividad Tiempo de conversaci\u00f3n del agente con marcaci\u00f3n Previa, Potente, Progresiva o Predictiva","robots":{"index":"index","follow":"follow","max-snippet":"max-snippet:-1","max-image-preview":"max-image-preview:large","max-video-preview":"max-video-preview:-1"},"canonical":"https:\/\/www.xcally.com\/es\/product\/marcador\/","og_locale":"es_ES","og_type":"article","og_title":"Software XCALLY para centros de llamadas - Marcador predictivo","og_description":"Motion Bull es un marcador autom\u00e1tico saliente para aumentar la productividad Tiempo de conversaci\u00f3n del agente con marcaci\u00f3n Previa, Potente, Progresiva o Predictiva","og_url":"https:\/\/www.xcally.com\/es\/product\/marcador\/","og_site_name":"XCALLY","twitter_card":"summary_large_image","schema":{"@context":"https:\/\/schema.org","@graph":[{"@type":"WebPage","@id":"https:\/\/www.xcally.com\/es\/product\/marcador\/","url":"https:\/\/www.xcally.com\/es\/product\/marcador\/","name":"Software XCALLY para centros de llamadas - Marcador predictivo","isPartOf":{"@id":"https:\/\/www.xcally.com\/es\/#website"},"datePublished":"2022-05-21T06:25:31+00:00","description":"Motion Bull es un marcador autom\u00e1tico saliente para aumentar la productividad Tiempo de conversaci\u00f3n del agente con marcaci\u00f3n Previa, Potente, Progresiva o Predictiva","breadcrumb":{"@id":"https:\/\/www.xcally.com\/es\/product\/marcador\/#breadcrumb"},"inLanguage":"es","potentialAction":[{"@type":"ReadAction","target":["https:\/\/www.xcally.com\/es\/product\/marcador\/"]}]},{"@type":"BreadcrumbList","@id":"https:\/\/www.xcally.com\/es\/product\/marcador\/#breadcrumb","itemListElement":[{"@type":"ListItem","position":1,"name":"Product","item":"https:\/\/www.xcally.com\/es\/product\/"},{"@type":"ListItem","position":2,"name":"Marcador"}]},{"@type":"WebSite","@id":"https:\/\/www.xcally.com\/es\/#website","url":"https:\/\/www.xcally.com\/es\/","name":"XCALLY","description":"Software per Call Center Omnichannel","potentialAction":[{"@type":"SearchAction","target":{"@type":"EntryPoint","urlTemplate":"https:\/\/www.xcally.com\/es\/?s={search_term_string}"},"query-input":{"@type":"PropertyValueSpecification","valueRequired":true,"valueName":"search_term_string"}}],"inLanguage":"es"}]}},"_links":{"self":[{"href":"https:\/\/www.xcally.com\/es\/wp-json\/wp\/v2\/product\/13156","targetHints":{"allow":["GET"]}}],"collection":[{"href":"https:\/\/www.xcally.com\/es\/wp-json\/wp\/v2\/product"}],"about":[{"href":"https:\/\/www.xcally.com\/es\/wp-json\/wp\/v2\/types\/product"}],"version-history":[{"count":0,"href":"https:\/\/www.xcally.com\/es\/wp-json\/wp\/v2\/product\/13156\/revisions"}],"wp:attachment":[{"href":"https:\/\/www.xcally.com\/es\/wp-json\/wp\/v2\/media?parent=13156"}],"wp:term":[{"taxonomy":"product-category","embeddable":true,"href":"https:\/\/www.xcally.com\/es\/wp-json\/wp\/v2\/product-category?post=13156"}],"curies":[{"name":"wp","href":"https:\/\/api.w.org\/{rel}","templated":true}]}}