{"id":12759,"date":"2022-05-15T21:15:57","date_gmt":"2022-05-15T19:15:57","guid":{"rendered":"https:\/\/www.xcally.com\/encuentra-el-socio-ideal-para-tus-necesidades\/"},"modified":"2022-05-15T21:15:57","modified_gmt":"2022-05-15T19:15:57","slug":"encuentra-el-socio-ideal-para-tus-necesidades","status":"publish","type":"page","link":"https:\/\/www.xcally.com\/es\/encuentra-el-socio-ideal-para-tus-necesidades\/","title":{"rendered":"Encuentra el socio ideal para tus necesidades"},"content":{"rendered":"<p><span class=\"TextRun SCXW67365643 BCX0\" lang=\"IT-IT\" data-contrast=\"auto\" xml:lang=\"IT-IT\"><span class=\"NormalTextRun SCXW67365643 BCX0\">Explora nuestra amplia red de socios cualificados, elige el que m\u00e1s te convenga y disfruta de una colaboraci\u00f3n de \u00e9xito con XCALLY.<\/span><\/span><span class=\"EOP SCXW67365643 BCX0\" data-ccp-props=\"{\"201341983\":0,\"335559685\":0,\"335559739\":160,\"335559740\":259}\"> <\/span><\/p>\n","protected":false},"excerpt":{"rendered":"<p>Explora nuestra amplia red de socios cualificados, elige el que m\u00e1s te convenga y disfruta de una colaboraci\u00f3n de \u00e9xito con XCALLY.<\/p>\n","protected":false},"author":1,"featured_media":0,"parent":0,"menu_order":5,"comment_status":"closed","ping_status":"closed","template":"","meta":{"_acf_changed":false,"content-type":"","footnotes":""},"class_list":["post-12759","page","type-page","status-publish","hentry"],"acf":[],"yoast_head":"<!-- This site is optimized with the Yoast SEO plugin v26.3 - https:\/\/yoast.com\/wordpress\/plugins\/seo\/ -->\n<title>Centro de Contacto Omnicanal XCALLY - Socios y Revendedores<\/title>\n<meta name=\"description\" content=\"\u00a1Descubre la red internacional de socios de XCALLY!\" \/>\n<meta name=\"robots\" content=\"index, follow, max-snippet:-1, max-image-preview:large, max-video-preview:-1\" \/>\n<link rel=\"canonical\" href=\"https:\/\/www.xcally.com\/es\/encuentra-el-socio-ideal-para-tus-necesidades\/\" \/>\n<meta property=\"og:locale\" content=\"es_ES\" \/>\n<meta property=\"og:type\" content=\"article\" \/>\n<meta property=\"og:title\" content=\"Centro de Contacto Omnicanal XCALLY - Socios y Revendedores\" \/>\n<meta property=\"og:description\" content=\"\u00a1Descubre la red internacional de socios de XCALLY!\" \/>\n<meta property=\"og:url\" content=\"https:\/\/www.xcally.com\/es\/encuentra-el-socio-ideal-para-tus-necesidades\/\" \/>\n<meta property=\"og:site_name\" content=\"XCALLY\" \/>\n<meta name=\"twitter:card\" content=\"summary_large_image\" \/>\n<script type=\"application\/ld+json\" class=\"yoast-schema-graph\">{\"@context\":\"https:\/\/schema.org\",\"@graph\":[{\"@type\":\"WebPage\",\"@id\":\"https:\/\/www.xcally.com\/es\/encuentra-el-socio-ideal-para-tus-necesidades\/\",\"url\":\"https:\/\/www.xcally.com\/es\/encuentra-el-socio-ideal-para-tus-necesidades\/\",\"name\":\"Centro de Contacto Omnicanal XCALLY - Socios y Revendedores\",\"isPartOf\":{\"@id\":\"https:\/\/www.xcally.com\/es\/#website\"},\"datePublished\":\"2022-05-15T19:15:57+00:00\",\"description\":\"\u00a1Descubre la red internacional de socios de XCALLY!\",\"inLanguage\":\"es\",\"potentialAction\":[{\"@type\":\"ReadAction\",\"target\":[\"https:\/\/www.xcally.com\/es\/encuentra-el-socio-ideal-para-tus-necesidades\/\"]}]},{\"@type\":\"WebSite\",\"@id\":\"https:\/\/www.xcally.com\/es\/#website\",\"url\":\"https:\/\/www.xcally.com\/es\/\",\"name\":\"XCALLY\",\"description\":\"Software per Call Center Omnichannel\",\"potentialAction\":[{\"@type\":\"SearchAction\",\"target\":{\"@type\":\"EntryPoint\",\"urlTemplate\":\"https:\/\/www.xcally.com\/es\/?s={search_term_string}\"},\"query-input\":{\"@type\":\"PropertyValueSpecification\",\"valueRequired\":true,\"valueName\":\"search_term_string\"}}],\"inLanguage\":\"es\"}]}<\/script>\n<!-- \/ Yoast SEO plugin. -->","yoast_head_json":{"title":"Centro de Contacto Omnicanal XCALLY - Socios y Revendedores","description":"\u00a1Descubre la red internacional de socios de XCALLY!","robots":{"index":"index","follow":"follow","max-snippet":"max-snippet:-1","max-image-preview":"max-image-preview:large","max-video-preview":"max-video-preview:-1"},"canonical":"https:\/\/www.xcally.com\/es\/encuentra-el-socio-ideal-para-tus-necesidades\/","og_locale":"es_ES","og_type":"article","og_title":"Centro de Contacto Omnicanal XCALLY - Socios y Revendedores","og_description":"\u00a1Descubre la red internacional de socios de XCALLY!","og_url":"https:\/\/www.xcally.com\/es\/encuentra-el-socio-ideal-para-tus-necesidades\/","og_site_name":"XCALLY","twitter_card":"summary_large_image","schema":{"@context":"https:\/\/schema.org","@graph":[{"@type":"WebPage","@id":"https:\/\/www.xcally.com\/es\/encuentra-el-socio-ideal-para-tus-necesidades\/","url":"https:\/\/www.xcally.com\/es\/encuentra-el-socio-ideal-para-tus-necesidades\/","name":"Centro de Contacto Omnicanal XCALLY - Socios y Revendedores","isPartOf":{"@id":"https:\/\/www.xcally.com\/es\/#website"},"datePublished":"2022-05-15T19:15:57+00:00","description":"\u00a1Descubre la red internacional de socios de XCALLY!","inLanguage":"es","potentialAction":[{"@type":"ReadAction","target":["https:\/\/www.xcally.com\/es\/encuentra-el-socio-ideal-para-tus-necesidades\/"]}]},{"@type":"WebSite","@id":"https:\/\/www.xcally.com\/es\/#website","url":"https:\/\/www.xcally.com\/es\/","name":"XCALLY","description":"Software per Call Center Omnichannel","potentialAction":[{"@type":"SearchAction","target":{"@type":"EntryPoint","urlTemplate":"https:\/\/www.xcally.com\/es\/?s={search_term_string}"},"query-input":{"@type":"PropertyValueSpecification","valueRequired":true,"valueName":"search_term_string"}}],"inLanguage":"es"}]}},"_links":{"self":[{"href":"https:\/\/www.xcally.com\/es\/wp-json\/wp\/v2\/pages\/12759","targetHints":{"allow":["GET"]}}],"collection":[{"href":"https:\/\/www.xcally.com\/es\/wp-json\/wp\/v2\/pages"}],"about":[{"href":"https:\/\/www.xcally.com\/es\/wp-json\/wp\/v2\/types\/page"}],"author":[{"embeddable":true,"href":"https:\/\/www.xcally.com\/es\/wp-json\/wp\/v2\/users\/1"}],"replies":[{"embeddable":true,"href":"https:\/\/www.xcally.com\/es\/wp-json\/wp\/v2\/comments?post=12759"}],"version-history":[{"count":0,"href":"https:\/\/www.xcally.com\/es\/wp-json\/wp\/v2\/pages\/12759\/revisions"}],"wp:attachment":[{"href":"https:\/\/www.xcally.com\/es\/wp-json\/wp\/v2\/media?parent=12759"}],"curies":[{"name":"wp","href":"https:\/\/api.w.org\/{rel}","templated":true}]}}