{"id":12543,"date":"2024-01-30T19:05:47","date_gmt":"2024-01-30T18:05:47","guid":{"rendered":"https:\/\/www.xcally.com\/denuncia-de-irregularidades\/"},"modified":"2025-11-25T16:25:47","modified_gmt":"2025-11-25T15:25:47","slug":"whistleblowing","status":"publish","type":"page","link":"https:\/\/www.xcally.com\/es\/whistleblowing\/","title":{"rendered":"Whistleblowing"},"content":{"rendered":"<p><strong>Gesti\u00f3n de las Denuncias \u2013 Whistleblowing e Igualdad de G\u00e9nero (UNI\/PdR 125)<\/strong><\/p>\n<p>XCALLY S.r.l. ha activado nuevos canales dedicados a la gesti\u00f3n de denuncias en materia de whistleblowing, en conformidad con las actualizaciones normativas vigentes.<br \/>\nEstos mismos canales tambi\u00e9n est\u00e1n habilitados para recibir denuncias relacionadas con cuestiones de igualdad de g\u00e9nero conforme a la UNI\/PdR 125, garantizando as\u00ed un sistema integrado, seguro y plenamente conforme con los est\u00e1ndares actuales.<\/p>\n<p>El whistleblowing constituye un instrumento legal puesto a disposici\u00f3n de los trabajadores para denunciar eventuales conductas il\u00edcitas detectadas en el \u00e1mbito de su actividad profesional. El Decreto Legislativo 24\/2023 ha introducido importantes medidas de protecci\u00f3n a favor de los denunciantes, incluyendo el uso de plataformas digitales y herramientas de cifrado destinadas a preservar la confidencialidad de la identidad del denunciante, del contenido de las denuncias y de la documentaci\u00f3n asociada.<\/p>\n<p>La organizaci\u00f3n ha puesto a disposici\u00f3n de todo el personal, colaboradores y stakeholders tres canales espec\u00edficos para el env\u00edo de denuncias:<\/p>\n<ul>\n<li>N\u00daMERO DE TEL\u00c9FONO GRATUITO DEDICADO: 800985231 \u2013\u00a0Disponible de lunes a viernes, de 9:00 a 18:00 (excepto festivos) \u2013 V\u00e1lido en territorio italiano<\/li>\n<li>BUZ\u00d3N DEDICADO: <a title=\"mailto:technesyholding@ethicpoint.eu\" href=\"mailto:technesyholding@ethicpoint.eu\">technesyholding@ethicpoint.eu<\/a><\/li>\n<li>P\u00c1GINA DE DESTINO DEDICADA: https:<a href=\"https:\/\/ethicpoint.eu\/technesy-holding\/\">\/\/ethicpoint.eu\/technesy-holding\/<\/a><\/li>\n<\/ul>\n<p>Todas las denuncias enviadas a trav\u00e9s de los canales indicados garantizan el anonimato del denunciante y son recibidas y gestionadas por profesionales externos, aut\u00f3nomos e independientes de la organizaci\u00f3n, asegurando as\u00ed un tratamiento imparcial, confidencial y plenamente conforme con la normativa vigente, incluidos los requisitos de la UNI\/PdR 125 en materia de igualdad de g\u00e9nero.<\/p>\n","protected":false},"excerpt":{"rendered":"<p>Gesti\u00f3n de las Denuncias \u2013 Whistleblowing e Igualdad de G\u00e9nero (UNI\/PdR 125) XCALLY S.r.l. ha activado nuevos canales dedicados a la gesti\u00f3n de denuncias en materia de whistleblowing, en conformidad con las actualizaciones normativas vigentes. Estos mismos canales tambi\u00e9n est\u00e1n habilitados para recibir denuncias relacionadas con cuestiones de igualdad de g\u00e9nero conforme a la UNI\/PdR [&hellip;]<\/p>\n","protected":false},"author":1,"featured_media":0,"parent":0,"menu_order":99,"comment_status":"closed","ping_status":"closed","template":"","meta":{"_acf_changed":false,"content-type":"","footnotes":""},"class_list":["post-12543","page","type-page","status-publish","hentry"],"acf":[],"yoast_head":"<!-- This site is optimized with the Yoast SEO plugin v26.3 - https:\/\/yoast.com\/wordpress\/plugins\/seo\/ -->\n<title>Pol\u00edtica de privacidad XCALLY<\/title>\n<meta name=\"robots\" content=\"index, nofollow, max-snippet:-1, max-image-preview:large, max-video-preview:-1\" \/>\n<link rel=\"canonical\" href=\"https:\/\/www.xcally.com\/es\/whistleblowing\/\" \/>\n<meta property=\"og:locale\" content=\"es_ES\" \/>\n<meta property=\"og:type\" content=\"article\" \/>\n<meta property=\"og:title\" content=\"Pol\u00edtica de privacidad XCALLY\" \/>\n<meta property=\"og:description\" content=\"Gesti\u00f3n de las Denuncias \u2013 Whistleblowing e Igualdad de G\u00e9nero (UNI\/PdR 125) XCALLY S.r.l. ha activado nuevos canales dedicados a la gesti\u00f3n de denuncias en materia de whistleblowing, en conformidad con las actualizaciones normativas vigentes. Estos mismos canales tambi\u00e9n est\u00e1n habilitados para recibir denuncias relacionadas con cuestiones de igualdad de g\u00e9nero conforme a la UNI\/PdR [&hellip;]\" \/>\n<meta property=\"og:url\" content=\"https:\/\/www.xcally.com\/es\/whistleblowing\/\" \/>\n<meta property=\"og:site_name\" content=\"XCALLY\" \/>\n<meta property=\"article:modified_time\" content=\"2025-11-25T15:25:47+00:00\" \/>\n<meta name=\"twitter:card\" content=\"summary_large_image\" \/>\n<meta name=\"twitter:label1\" content=\"Tiempo de lectura\" \/>\n\t<meta name=\"twitter:data1\" content=\"1 minuto\" \/>\n<script type=\"application\/ld+json\" class=\"yoast-schema-graph\">{\"@context\":\"https:\/\/schema.org\",\"@graph\":[{\"@type\":\"WebPage\",\"@id\":\"https:\/\/www.xcally.com\/es\/whistleblowing\/\",\"url\":\"https:\/\/www.xcally.com\/es\/whistleblowing\/\",\"name\":\"Pol\u00edtica de privacidad XCALLY\",\"isPartOf\":{\"@id\":\"https:\/\/www.xcally.com\/es\/#website\"},\"datePublished\":\"2024-01-30T18:05:47+00:00\",\"dateModified\":\"2025-11-25T15:25:47+00:00\",\"inLanguage\":\"es\",\"potentialAction\":[{\"@type\":\"ReadAction\",\"target\":[\"https:\/\/www.xcally.com\/es\/whistleblowing\/\"]}]},{\"@type\":\"WebSite\",\"@id\":\"https:\/\/www.xcally.com\/es\/#website\",\"url\":\"https:\/\/www.xcally.com\/es\/\",\"name\":\"XCALLY\",\"description\":\"Software per Call Center Omnichannel\",\"potentialAction\":[{\"@type\":\"SearchAction\",\"target\":{\"@type\":\"EntryPoint\",\"urlTemplate\":\"https:\/\/www.xcally.com\/es\/?s={search_term_string}\"},\"query-input\":{\"@type\":\"PropertyValueSpecification\",\"valueRequired\":true,\"valueName\":\"search_term_string\"}}],\"inLanguage\":\"es\"}]}<\/script>\n<!-- \/ Yoast SEO plugin. -->","yoast_head_json":{"title":"Pol\u00edtica de privacidad XCALLY","robots":{"index":"index","follow":"nofollow","max-snippet":"max-snippet:-1","max-image-preview":"max-image-preview:large","max-video-preview":"max-video-preview:-1"},"canonical":"https:\/\/www.xcally.com\/es\/whistleblowing\/","og_locale":"es_ES","og_type":"article","og_title":"Pol\u00edtica de privacidad XCALLY","og_description":"Gesti\u00f3n de las Denuncias \u2013 Whistleblowing e Igualdad de G\u00e9nero (UNI\/PdR 125) XCALLY S.r.l. ha activado nuevos canales dedicados a la gesti\u00f3n de denuncias en materia de whistleblowing, en conformidad con las actualizaciones normativas vigentes. Estos mismos canales tambi\u00e9n est\u00e1n habilitados para recibir denuncias relacionadas con cuestiones de igualdad de g\u00e9nero conforme a la UNI\/PdR [&hellip;]","og_url":"https:\/\/www.xcally.com\/es\/whistleblowing\/","og_site_name":"XCALLY","article_modified_time":"2025-11-25T15:25:47+00:00","twitter_card":"summary_large_image","twitter_misc":{"Tiempo de lectura":"1 minuto"},"schema":{"@context":"https:\/\/schema.org","@graph":[{"@type":"WebPage","@id":"https:\/\/www.xcally.com\/es\/whistleblowing\/","url":"https:\/\/www.xcally.com\/es\/whistleblowing\/","name":"Pol\u00edtica de privacidad XCALLY","isPartOf":{"@id":"https:\/\/www.xcally.com\/es\/#website"},"datePublished":"2024-01-30T18:05:47+00:00","dateModified":"2025-11-25T15:25:47+00:00","inLanguage":"es","potentialAction":[{"@type":"ReadAction","target":["https:\/\/www.xcally.com\/es\/whistleblowing\/"]}]},{"@type":"WebSite","@id":"https:\/\/www.xcally.com\/es\/#website","url":"https:\/\/www.xcally.com\/es\/","name":"XCALLY","description":"Software per Call Center Omnichannel","potentialAction":[{"@type":"SearchAction","target":{"@type":"EntryPoint","urlTemplate":"https:\/\/www.xcally.com\/es\/?s={search_term_string}"},"query-input":{"@type":"PropertyValueSpecification","valueRequired":true,"valueName":"search_term_string"}}],"inLanguage":"es"}]}},"_links":{"self":[{"href":"https:\/\/www.xcally.com\/es\/wp-json\/wp\/v2\/pages\/12543","targetHints":{"allow":["GET"]}}],"collection":[{"href":"https:\/\/www.xcally.com\/es\/wp-json\/wp\/v2\/pages"}],"about":[{"href":"https:\/\/www.xcally.com\/es\/wp-json\/wp\/v2\/types\/page"}],"author":[{"embeddable":true,"href":"https:\/\/www.xcally.com\/es\/wp-json\/wp\/v2\/users\/1"}],"replies":[{"embeddable":true,"href":"https:\/\/www.xcally.com\/es\/wp-json\/wp\/v2\/comments?post=12543"}],"version-history":[{"count":4,"href":"https:\/\/www.xcally.com\/es\/wp-json\/wp\/v2\/pages\/12543\/revisions"}],"predecessor-version":[{"id":14861,"href":"https:\/\/www.xcally.com\/es\/wp-json\/wp\/v2\/pages\/12543\/revisions\/14861"}],"wp:attachment":[{"href":"https:\/\/www.xcally.com\/es\/wp-json\/wp\/v2\/media?parent=12543"}],"curies":[{"name":"wp","href":"https:\/\/api.w.org\/{rel}","templated":true}]}}